{"id":3012,"date":"2023-09-20T10:23:17","date_gmt":"2023-09-20T08:23:17","guid":{"rendered":"https:\/\/adtraininginstitute.com\/kontakt\/"},"modified":"2026-02-22T11:25:02","modified_gmt":"2026-02-22T10:25:02","slug":"kontakt","status":"publish","type":"page","link":"https:\/\/adtraininginstitute.com\/hr\/kontakt\/","title":{"rendered":"Kontakt"},"content":{"rendered":"<p>[et_pb_section fb_built=&#8221;1&#8243; admin_label=&#8221;Header&#8221; _builder_version=&#8221;4.22.1&#8243; _module_preset=&#8221;default&#8221; background_color=&#8221;#FDFAF4&#8243; custom_padding=&#8221;8vw||||false|false&#8221; global_colors_info=&#8221;{}&#8221;][et_pb_row column_structure=&#8221;1_2,1_2&#8243; make_equal=&#8221;on&#8221; _builder_version=&#8221;4.22.1&#8243; _module_preset=&#8221;default&#8221; custom_margin=&#8221;||75px||false|false&#8221; custom_margin_tablet=&#8221;||28px||false|false&#8221; custom_margin_phone=&#8221;||13px||false|false&#8221; custom_margin_last_edited=&#8221;on|phone&#8221; global_colors_info=&#8221;{}&#8221;][et_pb_column type=&#8221;1_2&#8243; _builder_version=&#8221;4.16&#8243; _module_preset=&#8221;default&#8221; global_colors_info=&#8221;{}&#8221;][et_pb_text _builder_version=&#8221;4.22.1&#8243; _module_preset=&#8221;534cc526-6274-4e31-9e1a-7f18a5947bf1&#8243; header_4_font=&#8221;|600||on|||||&#8221; header_4_text_align=&#8221;left&#8221; header_4_text_color=&#8221;#FFCE02&#8243; header_4_font_size=&#8221;14px&#8221; header_4_letter_spacing=&#8221;2px&#8221; header_4_line_height=&#8221;1.5em&#8221; custom_margin=&#8221;||0px||false|false&#8221; header_4_font_size_tablet=&#8221;14px&#8221; header_4_font_size_phone=&#8221;&#8221; header_4_font_size_last_edited=&#8221;on|tablet&#8221; locked=&#8221;off&#8221; global_colors_info=&#8221;{}&#8221;]<\/p>\n<h4>KONTAKTIRAJTE NAS \u2014<\/h4>\n<p>[\/et_pb_text][et_pb_text _builder_version=&#8221;4.22.1&#8243; _module_preset=&#8221;954ad5f8-b22a-45d8-9a52-f362639192fb&#8221; header_2_text_color=&#8221;#343A40&#8243; custom_margin=&#8221;||10px||false|false&#8221; locked=&#8221;off&#8221; global_colors_info=&#8221;{}&#8221;]<\/p>\n<h2>Javite nam se<\/h2>\n<p>[\/et_pb_text][et_pb_text _builder_version=&#8221;4.22.1&#8243; _module_preset=&#8221;41d5859c-fbaa-458a-88e4-5d886857f235&#8243; text_font=&#8221;||||||||&#8221; text_text_color=&#8221;#343A40&#8243; text_font_size=&#8221;16px&#8221; text_line_height=&#8221;1.8em&#8221; text_font_size_tablet=&#8221;16px&#8221; text_font_size_phone=&#8221;14px&#8221; text_font_size_last_edited=&#8221;on|phone&#8221; locked=&#8221;off&#8221; global_colors_info=&#8221;{}&#8221;]<\/p>\n<p><span class=\"menuPagesAbstract\">Javite nam se ukoliko imate bilo kakvih pitanja o na\u0161im te\u010dajevima i uslugama supervizije.<\/span><\/p>\n<p><span class=\"menuPagesAbstract\"><\/span><\/p>\n<p>[\/et_pb_text][et_pb_blurb title=&#8221;Email&#8221; use_icon=&#8221;on&#8221; font_icon=&#8221;&#xf0e0;||fa||900&#8243; icon_color=&#8221;#067BBF&#8221; icon_placement=&#8221;left&#8221; _builder_version=&#8221;4.22.1&#8243; _module_preset=&#8221;default&#8221; locked=&#8221;off&#8221; global_colors_info=&#8221;{}&#8221;]<\/p>\n<p><a href=\"mailto:info@adtraininginstitute.com\">info@adtraininginstitute.com<\/a><\/p>\n<p>[\/et_pb_blurb][et_pb_blurb title=&#8221;Telefon&#8221; use_icon=&#8221;on&#8221; font_icon=&#8221;&#xe090;||divi||400&#8243; icon_color=&#8221;#067BBF&#8221; icon_placement=&#8221;left&#8221; _builder_version=&#8221;4.22.1&#8243; _module_preset=&#8221;default&#8221; locked=&#8221;off&#8221; global_colors_info=&#8221;{}&#8221;]+385 95 804 39 82 [\/et_pb_blurb][et_pb_blurb title=&#8221;Adresa&#8221; use_icon=&#8221;on&#8221; font_icon=&#8221;&#xe081;||divi||400&#8243; icon_color=&#8221;#067BBF&#8221; icon_placement=&#8221;left&#8221; _builder_version=&#8221;4.22.1&#8243; _module_preset=&#8221;default&#8221; locked=&#8221;off&#8221; global_colors_info=&#8221;{}&#8221;]<\/p>\n<p>Rude\u0161ka 179, 10 000 Zagreb, Hrvatska<\/p>\n<p>[\/et_pb_blurb][\/et_pb_column][et_pb_column type=&#8221;1_2&#8243; _builder_version=&#8221;4.22.1&#8243; _module_preset=&#8221;default&#8221; background_color=&#8221;#FFFFFF&#8221; custom_padding=&#8221;40px|30px|40px|30px|true|true&#8221; custom_padding_tablet=&#8221;&#8221; custom_padding_phone=&#8221;|20px||20px|true|true&#8221; custom_padding_last_edited=&#8221;on|phone&#8221; border_radii=&#8221;on|5px|5px|5px|5px&#8221; box_shadow_style=&#8221;preset3&#8243; box_shadow_vertical=&#8221;40px&#8221; box_shadow_blur=&#8221;60px&#8221; box_shadow_spread=&#8221;-10px&#8221; box_shadow_color=&#8221;rgba(3,86,92,0.1)&#8221; global_colors_info=&#8221;{}&#8221;][et_pb_contact_form captcha=&#8221;off&#8221; success_message=&#8221;Hvala vam \u0161to ste nam se javili! Drago nam je \u0161to ste nas kontaktirali. Jedna od nas \u0107e vam se uskoro javiti povratno! \u017delimo vam ugodan dan!&#8221; submit_button_text=&#8221;PO\u0160ALJI&#8221; _builder_version=&#8221;4.22.2&#8243; _module_preset=&#8221;a0e56ac0-56d1-4c55-8d40-c456da01a596&#8243; form_field_background_color=&#8221;#FDFAF4&#8243; form_field_text_color=&#8221;#343A40&#8243; form_field_focus_background_color=&#8221;rgba(255,206,2,0.1)&#8221; form_field_focus_text_color=&#8221;#343A40&#8243; form_field_font=&#8221;||||||||&#8221; custom_button=&#8221;on&#8221; button_text_size=&#8221;16px&#8221; button_text_color=&#8221;#FFFFFF&#8221; button_bg_color=&#8221;#FFCE02&#8243; button_border_width=&#8221;0px&#8221; button_border_radius=&#8221;5px&#8221; button_letter_spacing=&#8221;3px&#8221; button_font=&#8221;|600||on|||||&#8221; button_custom_margin=&#8221;26px||||false|false&#8221; button_custom_padding=&#8221;8px|50px|8px|50px|true|true&#8221; border_radii=&#8221;on|5px|5px|5px|5px&#8221; locked=&#8221;off&#8221; global_colors_info=&#8221;{}&#8221;][et_pb_contact_field field_id=&#8221;Name&#8221; field_title=&#8221;Ime * &#8221; fullwidth_field=&#8221;on&#8221; _builder_version=&#8221;4.22.1&#8243; _module_preset=&#8221;default&#8221; global_colors_info=&#8221;{}&#8221; button_text_size__hover_enabled=&#8221;off&#8221; button_one_text_size__hover_enabled=&#8221;off&#8221; button_two_text_size__hover_enabled=&#8221;off&#8221; button_text_color__hover_enabled=&#8221;off&#8221; button_one_text_color__hover_enabled=&#8221;off&#8221; button_two_text_color__hover_enabled=&#8221;off&#8221; button_border_width__hover_enabled=&#8221;off&#8221; button_one_border_width__hover_enabled=&#8221;off&#8221; button_two_border_width__hover_enabled=&#8221;off&#8221; button_border_color__hover_enabled=&#8221;off&#8221; button_one_border_color__hover_enabled=&#8221;off&#8221; button_two_border_color__hover_enabled=&#8221;off&#8221; button_border_radius__hover_enabled=&#8221;off&#8221; button_one_border_radius__hover_enabled=&#8221;off&#8221; button_two_border_radius__hover_enabled=&#8221;off&#8221; button_letter_spacing__hover_enabled=&#8221;off&#8221; button_one_letter_spacing__hover_enabled=&#8221;off&#8221; button_two_letter_spacing__hover_enabled=&#8221;off&#8221; button_bg_color__hover_enabled=&#8221;off&#8221; button_one_bg_color__hover_enabled=&#8221;off&#8221; button_two_bg_color__hover_enabled=&#8221;off&#8221;][\/et_pb_contact_field][et_pb_contact_field field_id=&#8221;Contact_number&#8221; field_title=&#8221;Broj telefona *  &#8221; fullwidth_field=&#8221;on&#8221; _builder_version=&#8221;4.22.1&#8243; _module_preset=&#8221;default&#8221; global_colors_info=&#8221;{}&#8221; button_text_size__hover_enabled=&#8221;off&#8221; button_one_text_size__hover_enabled=&#8221;off&#8221; button_two_text_size__hover_enabled=&#8221;off&#8221; button_text_color__hover_enabled=&#8221;off&#8221; button_one_text_color__hover_enabled=&#8221;off&#8221; button_two_text_color__hover_enabled=&#8221;off&#8221; button_border_width__hover_enabled=&#8221;off&#8221; button_one_border_width__hover_enabled=&#8221;off&#8221; button_two_border_width__hover_enabled=&#8221;off&#8221; button_border_color__hover_enabled=&#8221;off&#8221; button_one_border_color__hover_enabled=&#8221;off&#8221; button_two_border_color__hover_enabled=&#8221;off&#8221; button_border_radius__hover_enabled=&#8221;off&#8221; button_one_border_radius__hover_enabled=&#8221;off&#8221; button_two_border_radius__hover_enabled=&#8221;off&#8221; button_letter_spacing__hover_enabled=&#8221;off&#8221; button_one_letter_spacing__hover_enabled=&#8221;off&#8221; button_two_letter_spacing__hover_enabled=&#8221;off&#8221; button_bg_color__hover_enabled=&#8221;off&#8221; button_one_bg_color__hover_enabled=&#8221;off&#8221; button_two_bg_color__hover_enabled=&#8221;off&#8221;][\/et_pb_contact_field][et_pb_contact_field field_id=&#8221;Email&#8221; field_title=&#8221;Adresa e-po\u0161te *  &#8221; field_type=&#8221;email&#8221; fullwidth_field=&#8221;on&#8221; _builder_version=&#8221;4.22.1&#8243; _module_preset=&#8221;default&#8221; global_colors_info=&#8221;{}&#8221; button_text_size__hover_enabled=&#8221;off&#8221; button_one_text_size__hover_enabled=&#8221;off&#8221; button_two_text_size__hover_enabled=&#8221;off&#8221; button_text_color__hover_enabled=&#8221;off&#8221; button_one_text_color__hover_enabled=&#8221;off&#8221; button_two_text_color__hover_enabled=&#8221;off&#8221; button_border_width__hover_enabled=&#8221;off&#8221; button_one_border_width__hover_enabled=&#8221;off&#8221; button_two_border_width__hover_enabled=&#8221;off&#8221; button_border_color__hover_enabled=&#8221;off&#8221; button_one_border_color__hover_enabled=&#8221;off&#8221; button_two_border_color__hover_enabled=&#8221;off&#8221; button_border_radius__hover_enabled=&#8221;off&#8221; button_one_border_radius__hover_enabled=&#8221;off&#8221; button_two_border_radius__hover_enabled=&#8221;off&#8221; button_letter_spacing__hover_enabled=&#8221;off&#8221; button_one_letter_spacing__hover_enabled=&#8221;off&#8221; button_two_letter_spacing__hover_enabled=&#8221;off&#8221; button_bg_color__hover_enabled=&#8221;off&#8221; button_one_bg_color__hover_enabled=&#8221;off&#8221; button_two_bg_color__hover_enabled=&#8221;off&#8221;][\/et_pb_contact_field][et_pb_contact_field field_id=&#8221;Message&#8221; field_title=&#8221;Poruka *  &#8221; field_type=&#8221;text&#8221; fullwidth_field=&#8221;on&#8221; _builder_version=&#8221;4.22.1&#8243; _module_preset=&#8221;default&#8221; global_colors_info=&#8221;{}&#8221; button_text_size__hover_enabled=&#8221;off&#8221; button_one_text_size__hover_enabled=&#8221;off&#8221; button_two_text_size__hover_enabled=&#8221;off&#8221; button_text_color__hover_enabled=&#8221;off&#8221; button_one_text_color__hover_enabled=&#8221;off&#8221; button_two_text_color__hover_enabled=&#8221;off&#8221; button_border_width__hover_enabled=&#8221;off&#8221; button_one_border_width__hover_enabled=&#8221;off&#8221; button_two_border_width__hover_enabled=&#8221;off&#8221; button_border_color__hover_enabled=&#8221;off&#8221; button_one_border_color__hover_enabled=&#8221;off&#8221; button_two_border_color__hover_enabled=&#8221;off&#8221; button_border_radius__hover_enabled=&#8221;off&#8221; button_one_border_radius__hover_enabled=&#8221;off&#8221; button_two_border_radius__hover_enabled=&#8221;off&#8221; button_letter_spacing__hover_enabled=&#8221;off&#8221; button_one_letter_spacing__hover_enabled=&#8221;off&#8221; button_two_letter_spacing__hover_enabled=&#8221;off&#8221; button_bg_color__hover_enabled=&#8221;off&#8221; button_one_bg_color__hover_enabled=&#8221;off&#8221; button_two_bg_color__hover_enabled=&#8221;off&#8221;][\/et_pb_contact_field][\/et_pb_contact_form][\/et_pb_column][\/et_pb_row][et_pb_row _builder_version=&#8221;4.22.1&#8243; _module_preset=&#8221;default&#8221; global_colors_info=&#8221;{}&#8221;][et_pb_column type=&#8221;4_4&#8243; _builder_version=&#8221;4.22.1&#8243; _module_preset=&#8221;default&#8221; global_colors_info=&#8221;{}&#8221;][et_pb_map address=&#8221;Rude\u0161ka cesta 179, 10110, Zagreb, Croatia&#8221; address_lat=&#8221;45.7888179&#8243; address_lng=&#8221;15.9119542&#8243; _builder_version=&#8221;4.22.1&#8243; _module_preset=&#8221;default&#8221; global_colors_info=&#8221;{}&#8221;][et_pb_map_pin pin_address=&#8221;Rude\u0161ka cesta 179, 10110, Zagreb, Croatia&#8221; pin_address_lat=&#8221;45.7888179&#8243; pin_address_lng=&#8221;15.9119542&#8243; _builder_version=&#8221;4.22.1&#8243; _module_preset=&#8221;default&#8221; global_colors_info=&#8221;{}&#8221;][\/et_pb_map_pin][\/et_pb_map][\/et_pb_column][\/et_pb_row][\/et_pb_section][et_pb_section fb_built=&#8221;1&#8243; prev_background_color=&#8221;#FDFAF4&#8243; admin_label=&#8221;Feature&#8221; _builder_version=&#8221;4.22.1&#8243; _module_preset=&#8221;default&#8221; background_image=&#8221;https:\/\/adtraininginstitute.com\/wp-content\/uploads\/2023\/08\/AD-background.png&#8221; parallax=&#8221;on&#8221; custom_margin=&#8221;||||false|false&#8221; custom_padding=&#8221;100px||100px||true|false&#8221; top_divider_style=&#8221;wave2&#8243; top_divider_height=&#8221;30px&#8221; global_module=&#8221;826&#8243; locked=&#8221;off&#8221; collapsed=&#8221;on&#8221; global_colors_info=&#8221;{}&#8221;][et_pb_row column_structure=&#8221;2_5,3_5&#8243; _builder_version=&#8221;4.22.1&#8243; _module_preset=&#8221;default&#8221; custom_padding=&#8221;0px||0px||true|false&#8221; global_colors_info=&#8221;{}&#8221;][et_pb_column type=&#8221;2_5&#8243; _builder_version=&#8221;4.22.0&#8243; _module_preset=&#8221;default&#8221; global_colors_info=&#8221;{}&#8221;][et_pb_text _builder_version=&#8221;4.22.1&#8243; _module_preset=&#8221;954ad5f8-b22a-45d8-9a52-f362639192fb&#8221; header_2_text_color=&#8221;#FDFAF4&#8243; custom_margin=&#8221;||10px||false|false&#8221; global_colors_info=&#8221;{}&#8221;]<\/p>\n<h2>Newsletter &#8211;<\/h2>\n<p>[\/et_pb_text][et_pb_text _builder_version=&#8221;4.22.1&#8243; _module_preset=&#8221;41d5859c-fbaa-458a-88e4-5d886857f235&#8243; text_font=&#8221;||||||||&#8221; text_text_color=&#8221;#FDFAF4&#8243; text_font_size=&#8221;16px&#8221; text_line_height=&#8221;1.8em&#8221; text_font_size_tablet=&#8221;16px&#8221; text_font_size_phone=&#8221;14px&#8221; text_font_size_last_edited=&#8221;on|phone&#8221; locked=&#8221;off&#8221; global_colors_info=&#8221;{}&#8221;]<\/p>\n<p><span class=\"menuPagesAbstract\">Pridru\u017eite se na\u0161oj mailing listi kako biste bili u tijeku sa svim na\u0161im edukacijama i novostima iz Ama Dablam Instituta.<\/span><span class=\"menuPagesAbstract\"><\/span><\/p>\n<p><span class=\"menuPagesAbstract\"><\/span><\/p>\n<p>[\/et_pb_text][\/et_pb_column][et_pb_column type=&#8221;3_5&#8243; _builder_version=&#8221;4.22.0&#8243; _module_preset=&#8221;default&#8221; global_colors_info=&#8221;{}&#8221;][et_pb_signup mailchimp_list=&#8221;Ad institute|6bf9e76f9a&#8221; layout=&#8221;top_bottom&#8221; first_name_fullwidth=&#8221;off&#8221; last_name_fullwidth=&#8221;off&#8221; _builder_version=&#8221;4.22.2&#8243; _module_preset=&#8221;default&#8221; form_field_background_color=&#8221;#F5F3EE&#8221; form_field_text_color=&#8221;#343A40&#8243; form_field_focus_background_color=&#8221;#ffffff&#8221; form_field_font=&#8221;||||||||&#8221; form_field_font_size=&#8221;14px&#8221; background_enable_color=&#8221;off&#8221; use_focus_border_color=&#8221;on&#8221; custom_button=&#8221;on&#8221; button_text_size=&#8221;14px&#8221; button_text_color=&#8221;#FFFFFF&#8221; button_bg_color=&#8221;#FFCE02&#8243; button_border_width=&#8221;0px&#8221; button_border_radius=&#8221;5px&#8221; button_letter_spacing=&#8221;1px&#8221; button_font=&#8221;|700||on|||||&#8221; button_custom_padding=&#8221;8px||8px||true|false&#8221; max_width=&#8221;640px&#8221; module_alignment=&#8221;center&#8221; border_radii=&#8221;on|3px|3px|3px|3px&#8221; border_radii_fields=&#8221;on|5px|5px|5px|5px&#8221; border_width_all_fields_focus=&#8221;1px&#8221; border_color_all_fields_focus=&#8221;#FFCE02&#8243; locked=&#8221;off&#8221; global_colors_info=&#8221;{}&#8221;][\/et_pb_signup][\/et_pb_column][\/et_pb_row][\/et_pb_section]<\/p>\n","protected":false},"excerpt":{"rendered":"<p>KONTAKTIRAJTE NAS \u2014Javite nam seJavite nam se ukoliko imate bilo kakvih pitanja o na\u0161im te\u010dajevima i uslugama supervizije. info@adtraininginstitute.com+385 95 804 39 82 Rude\u0161ka 179, 10 000 Zagreb, HrvatskaNewsletter -Pridru\u017eite se na\u0161oj mailing listi kako biste bili u tijeku sa svim na\u0161im edukacijama i novostima iz Ama Dablam Instituta.<\/p>\n","protected":false},"author":2,"featured_media":2666,"parent":0,"menu_order":0,"comment_status":"closed","ping_status":"closed","template":"","meta":{"_et_pb_use_builder":"on","_et_pb_old_content":"","_et_gb_content_width":"","footnotes":""},"class_list":["post-3012","page","type-page","status-publish","has-post-thumbnail","hentry"],"_links":{"self":[{"href":"https:\/\/adtraininginstitute.com\/hr\/wp-json\/wp\/v2\/pages\/3012","targetHints":{"allow":["GET"]}}],"collection":[{"href":"https:\/\/adtraininginstitute.com\/hr\/wp-json\/wp\/v2\/pages"}],"about":[{"href":"https:\/\/adtraininginstitute.com\/hr\/wp-json\/wp\/v2\/types\/page"}],"author":[{"embeddable":true,"href":"https:\/\/adtraininginstitute.com\/hr\/wp-json\/wp\/v2\/users\/2"}],"replies":[{"embeddable":true,"href":"https:\/\/adtraininginstitute.com\/hr\/wp-json\/wp\/v2\/comments?post=3012"}],"version-history":[{"count":12,"href":"https:\/\/adtraininginstitute.com\/hr\/wp-json\/wp\/v2\/pages\/3012\/revisions"}],"predecessor-version":[{"id":3777,"href":"https:\/\/adtraininginstitute.com\/hr\/wp-json\/wp\/v2\/pages\/3012\/revisions\/3777"}],"wp:featuredmedia":[{"embeddable":true,"href":"https:\/\/adtraininginstitute.com\/hr\/wp-json\/wp\/v2\/media\/2666"}],"wp:attachment":[{"href":"https:\/\/adtraininginstitute.com\/hr\/wp-json\/wp\/v2\/media?parent=3012"}],"curies":[{"name":"wp","href":"https:\/\/api.w.org\/{rel}","templated":true}]}}