{"id":3045,"date":"2023-10-04T09:17:47","date_gmt":"2023-10-04T07:17:47","guid":{"rendered":"https:\/\/adtraininginstitute.com\/impressum-2\/"},"modified":"2025-07-25T19:31:34","modified_gmt":"2025-07-25T17:31:34","slug":"impressum-2","status":"publish","type":"page","link":"https:\/\/adtraininginstitute.com\/hr\/impressum-2\/","title":{"rendered":"Impressum"},"content":{"rendered":"\n[et_pb_section fb_built=&#8221;1&#8243; admin_label=&#8221;section&#8221; _builder_version=&#8221;4.22.1&#8243; custom_padding=&#8221;8vw||||false|false&#8221; global_colors_info=&#8221;{}&#8221;][et_pb_row admin_label=&#8221;red&#8221; _builder_version=&#8221;4.16&#8243; background_size=&#8221;initial&#8221; background_position=&#8221;top_left&#8221; background_repeat=&#8221;repeat&#8221; global_colors_info=&#8221;{}&#8221;][et_pb_column type=&#8221;4_4&#8243; _builder_version=&#8221;4.16&#8243; custom_padding=&#8221;|||&#8221; global_colors_info=&#8221;{}&#8221; custom_padding__hover=&#8221;|||&#8221;][et_pb_text _builder_version=&#8221;4.22.2&#8243; _module_preset=&#8221;954ad5f8-b22a-45d8-9a52-f362639192fb&#8221; header_2_text_color=&#8221;#343A40&#8243; custom_margin=&#8221;||10px||false|false&#8221; hover_enabled=&#8221;0&#8243; global_colors_info=&#8221;{}&#8221; sticky_enabled=&#8221;0&#8243;]<h2>Impressum \u2014<\/h2>[\/et_pb_text][et_pb_text admin_label=&#8221;Text&#8221; _builder_version=&#8221;4.22.1&#8243; background_size=&#8221;initial&#8221; background_position=&#8221;top_left&#8221; background_repeat=&#8221;repeat&#8221; global_colors_info=&#8221;{}&#8221;]<p><!-- divi:heading --><\/p>\n<section class=\"section mcb-section the_content has_content\">\n<div class=\"section_wrapper\">\n<div class=\"the_content_wrapper \">\n<section class=\"wpb-content-wrapper\">\n<div class=\"vc_row wpb_row vc_row-fluid vc_custom_1565785695821 mpc-row\">\n<div class=\"wpb_column vc_column_container vc_col-sm-12 mpc-column\" data-column-id=\"mpc_column-11651be3205b8aa\">\n<div class=\"vc_column-inner\">\n<div class=\"wpb_wrapper\">\n<div class=\"wpb_text_column wpb_content_element \">\n<div class=\"wpb_wrapper\">\n<h2><span style=\"font-weight: 400;\"><strong>Centar Proventus d.o.o. za savjetovanje i usluge<\/strong> <\/span><strong><\/strong><\/h2>\n<p><span style=\"font-weight: 400;\">Donjostupni\u010dka 9b<br><\/span><span style=\"font-weight: 400;\">10255 Donji Stupnik<br><\/span><span style=\"font-weight: 400;\">Hrvatska<\/span><\/p>\n<p><strong>Tel.: <\/strong>+385 95 804 39 82 <br><strong>E-mail: <\/strong><a href=\"mailto:info@adtraininginstitute.com\">info@adtraininginstitute.com<\/a><br><strong>WEB: <\/strong><a href=\"http:\/\/ringer.hr\" target=\"_blank\" rel=\"noopener\">www.adtraininginstitute.com<\/a>\u200b\u200b\u200b\u200b\u200b\u200b\u200b\u200b\u200b\u200b\u200b\u200b\u200b\u200b<\/p>\n<p><strong>Upis u sudski registar: <\/strong><span style=\"font-weight: 400;\">Trgova\u010dki sud u Zagrebu<br><\/span><strong>Broj iz Op\u0107eg registra trgova\u010dkih dru\u0161tava:<\/strong><span style=\"font-weight: 400;\">081013956<\/span><br><strong>Identifikacijski br. obveznika PDV-a: <\/strong><span style=\"font-weight: 400;\">58510558885<br><strong>\u017d<\/strong><\/span><strong>iro ra\u010dun, IBAN te naziv banke:<br><\/strong><span style=\"font-weight: 400;\">IBAN: HR6423600001102522073, Zagreba\u010dka banka<br><strong>I<\/strong><\/span><strong>znos temeljnog kapitala dru\u0161tva: <\/strong><span style=\"font-weight: 400;\">20 000,00 kn<\/span><span style=\"font-weight: 400;\">\/ 2.654,46 euro (fiksni te\u010daj konverzije 7.53450)<br><strong>\u010c<\/strong><\/span><span style=\"font-weight: 400;\"><strong>lanovi uprave:<\/strong><br><\/span><span style=\"font-weight: 400;\">Tatjana Gjurkovi\u0107 <br><\/span><span style=\"font-weight: 400;\">Tea Kne\u017eevi\u0107<\/span><span style=\"font-weight: 400;\"><\/span><\/p>\n<p><strong>Autorska prava<\/strong><\/p>\n<p>Autorskim pravima nisu samo za\u0161ti\u0107ene internetske stranice i po\u010detne stranice s tekstualnim prilozima, ve\u0107 i fotografije, grafike, animacije i prilozi svih vrsta u\u017eivaju za\u0161titu prema Zakonu o autorskim pravima. Za potonje tako\u0111er vrijedi npr. da umno\u017eavanje nije dopu\u0161teno. Sadr\u017eaj na na\u0161oj internetskoj stranici stoga se smije kopirati samo u uskim granicama iznimki autorskih prava, na primjer za osobnu privatnu upotrebu. Svako umno\u017eavanje i distribucija koje nadilaze to zahtijevaju izri\u010dito dopu\u0161tenje autora. Na primjer, to zna\u010di da sadr\u017eaj mo\u017eete spremiti za uporabu na svoj tvrdi disk, no ne smijete ga objaviti na svojoj po\u010detnoj stranici. To se tako\u0111er odnosi na PDF datoteke ili sli\u010dne datoteke koje su izri\u010dito ponu\u0111ene za preuzimanje.<\/p>\n<\/div>\n<\/div>\n<\/div>\n<\/div>\n<\/div>\n<\/div>\n<\/section>\n<\/div>\n<\/div>\n<\/section>\n<p><!-- \/divi:paragraph --><\/p>[\/et_pb_text][\/et_pb_column][\/et_pb_row][\/et_pb_section]\n","protected":false},"excerpt":{"rendered":"<p>Impressum \u2014 Centar Proventus d.o.o. za savjetovanje i usluge Donjostupni\u010dka 9b10255 Donji StupnikHrvatska Tel.: +385 95 804 39 82 E-mail: info@adtraininginstitute.comWEB: www.adtraininginstitute.com\u200b\u200b\u200b\u200b\u200b\u200b\u200b\u200b\u200b\u200b\u200b\u200b\u200b\u200b Upis u sudski registar: Trgova\u010dki sud u ZagrebuBroj iz Op\u0107eg registra trgova\u010dkih dru\u0161tava:081013956Identifikacijski br. obveznika PDV-a: 58510558885\u017diro ra\u010dun, IBAN te naziv banke:IBAN: HR6423600001102522073, Zagreba\u010dka bankaIznos temeljnog kapitala dru\u0161tva: 20 000,00 kn\/ 2.654,46 euro [&hellip;]<\/p>\n","protected":false},"author":2,"featured_media":2666,"parent":0,"menu_order":0,"comment_status":"closed","ping_status":"closed","template":"","meta":{"_et_pb_use_builder":"on","_et_pb_old_content":"","_et_gb_content_width":"","footnotes":""},"class_list":["post-3045","page","type-page","status-publish","has-post-thumbnail","hentry"],"_links":{"self":[{"href":"https:\/\/adtraininginstitute.com\/hr\/wp-json\/wp\/v2\/pages\/3045","targetHints":{"allow":["GET"]}}],"collection":[{"href":"https:\/\/adtraininginstitute.com\/hr\/wp-json\/wp\/v2\/pages"}],"about":[{"href":"https:\/\/adtraininginstitute.com\/hr\/wp-json\/wp\/v2\/types\/page"}],"author":[{"embeddable":true,"href":"https:\/\/adtraininginstitute.com\/hr\/wp-json\/wp\/v2\/users\/2"}],"replies":[{"embeddable":true,"href":"https:\/\/adtraininginstitute.com\/hr\/wp-json\/wp\/v2\/comments?post=3045"}],"version-history":[{"count":3,"href":"https:\/\/adtraininginstitute.com\/hr\/wp-json\/wp\/v2\/pages\/3045\/revisions"}],"predecessor-version":[{"id":3236,"href":"https:\/\/adtraininginstitute.com\/hr\/wp-json\/wp\/v2\/pages\/3045\/revisions\/3236"}],"wp:featuredmedia":[{"embeddable":true,"href":"https:\/\/adtraininginstitute.com\/hr\/wp-json\/wp\/v2\/media\/2666"}],"wp:attachment":[{"href":"https:\/\/adtraininginstitute.com\/hr\/wp-json\/wp\/v2\/media?parent=3045"}],"curies":[{"name":"wp","href":"https:\/\/api.w.org\/{rel}","templated":true}]}}