{"id":3068,"date":"2023-11-13T14:45:09","date_gmt":"2023-11-13T13:45:09","guid":{"rendered":"https:\/\/adtraininginstitute.com\/newsletter-2\/"},"modified":"2025-07-25T19:33:44","modified_gmt":"2025-07-25T17:33:44","slug":"newsletter-2","status":"publish","type":"page","link":"https:\/\/adtraininginstitute.com\/hr\/newsletter-2\/","title":{"rendered":"Newsletter"},"content":{"rendered":"\n[et_pb_section fb_built=&#8221;1&#8243; _builder_version=&#8221;4.22.1&#8243; _module_preset=&#8221;629c98b4-ea43-40c3-b023-41e57fd133cc&#8221; box_shadow_style=&#8221;none&#8221; global_colors_info=&#8221;{}&#8221;][et_pb_row column_structure=&#8221;3_4,1_4&#8243; make_equal=&#8221;on&#8221; _builder_version=&#8221;4.22.1&#8243; _module_preset=&#8221;default&#8221; custom_css_main_element=&#8221;align-items: center;&#8221; global_colors_info=&#8221;{}&#8221;][et_pb_column type=&#8221;3_4&#8243; _builder_version=&#8221;4.22.1&#8243; _module_preset=&#8221;default&#8221; global_colors_info=&#8221;{}&#8221;][et_pb_text _builder_version=&#8221;4.22.2&#8243; _module_preset=&#8221;534cc526-6274-4e31-9e1a-7f18a5947bf1&#8243; header_4_font=&#8221;|600||on|||||&#8221; header_4_text_align=&#8221;left&#8221; header_4_text_color=&#8221;#FFCE02&#8243; header_4_font_size=&#8221;14px&#8221; header_4_letter_spacing=&#8221;2px&#8221; header_4_line_height=&#8221;1.5em&#8221; custom_margin=&#8221;||0px||false|false&#8221; header_4_font_size_tablet=&#8221;14px&#8221; header_4_font_size_phone=&#8221;&#8221; header_4_font_size_last_edited=&#8221;on|tablet&#8221; locked=&#8221;off&#8221; global_colors_info=&#8221;{}&#8221;]<h4>BESPLATNI RESURSI \u2014<\/h4>[\/et_pb_text][et_pb_text _builder_version=&#8221;4.22.2&#8243; _module_preset=&#8221;954ad5f8-b22a-45d8-9a52-f362639192fb&#8221; header_2_text_color=&#8221;#343A40&#8243; custom_margin=&#8221;||10px||false|false&#8221; header_2_font_size_tablet=&#8221;&#8221; header_2_font_size_phone=&#8221;30px&#8221; header_2_font_size_last_edited=&#8221;on|tablet&#8221; global_colors_info=&#8221;{}&#8221;]<h2>Newsletter<\/h2>[\/et_pb_text][et_pb_text _builder_version=&#8221;4.22.2&#8243; _module_preset=&#8221;5016e920-317b-4735-9c41-1f9c36333cf5&#8243; text_font=&#8221;Lora||||||||&#8221; text_text_color=&#8221;#343A40&#8243; header_text_color=&#8221;#000000&#8243; locked=&#8221;off&#8221; global_colors_info=&#8221;{}&#8221;]<p><span style=\"font-weight: 400;\">Kroz sadr\u017eaj ovog newslettera \u017eelimo vam ponuditi smjernice, osobna iskustva i znanja koja \u0107e podr\u017eati va\u0161 profesionalni rast i razvoj kao psihoterapeuta u bilo kojem podru\u010dju, s naglaskom na primjenu relacijskog pristupa u psihoterapiji.<\/span><span style=\"font-weight: 400;\"><\/span><\/p>[\/et_pb_text][\/et_pb_column][et_pb_column type=&#8221;1_4&#8243; _builder_version=&#8221;4.22.1&#8243; _module_preset=&#8221;default&#8221; global_colors_info=&#8221;{}&#8221;][et_pb_image src=&#8221;http:\/\/adtraininginstitute.com\/wp-content\/uploads\/2023\/11\/Master_color-32.png&#8221; title_text=&#8221;Glavna_boja-32&#8243; _builder_version=&#8221;4.22.2&#8243; _module_preset=&#8221;default&#8221; animation_style=&#8221;roll&#8221; hover_enabled=&#8221;0&#8243; locked=&#8221;off&#8221; global_colors_info=&#8221;{}&#8221; sticky_enabled=&#8221;0&#8243;][\/et_pb_image][\/et_pb_column][\/et_pb_row][\/et_pb_section][et_pb_section fb_built=&#8221;1&#8243; _builder_version=&#8221;4.22.1&#8243; _module_preset=&#8221;default&#8221; custom_padding=&#8221;100px||100px||true|false&#8221; top_divider_style=&#8221;wave2&#8243; top_divider_color=&#8221;#FDFAF4&#8243; top_divider_height=&#8221;50px&#8221; locked=&#8221;off&#8221; global_colors_info=&#8221;{}&#8221;][et_pb_row _builder_version=&#8221;4.22.2&#8243; _module_preset=&#8221;default&#8221; global_colors_info=&#8221;{}&#8221;][et_pb_column type=&#8221;4_4&#8243; _builder_version=&#8221;4.22.2&#8243; _module_preset=&#8221;default&#8221; global_colors_info=&#8221;{}&#8221;][et_pb_signup mailchimp_list=&#8221;add_new_account&#8221; mailchimp_account_name=&#8221;AD TRAINING INSTITUTE&#8221; mailchimp_api_key=&#8221;7f611349316f9ae190b6ba4201b4cb87-us13&#8243; layout=&#8221;top_bottom&#8221; first_name_fullwidth=&#8221;off&#8221; last_name_fullwidth=&#8221;off&#8221; title=&#8221;Pridru\u017eite se na\u0161em newsletteru&#8221; button_text=&#8221;PRETPLATI SE&#8221; description=&#8221;<p><span style=%22font-weight: 400;%22>Ponudit \u0107emo vam podr\u0161ku i ohrabrenje da se razvijate vlastitim tempom kako biste ostvarili svoj puni potencijal kao dje\u010dji\/adolescentni psihoterapeut ili psihoterapeut koji radi s odraslim klijentima (individualno i\/ili u grupama).<\/span><\/p>&#8221; _builder_version=&#8221;4.22.2&#8243; _module_preset=&#8221;default&#8221; body_font_size=&#8221;16px&#8221; background_color=&#8221;#30925F&#8221; use_focus_border_color=&#8221;on&#8221; custom_button=&#8221;on&#8221; button_text_size=&#8221;20px&#8221; button_border_width=&#8221;1px&#8221; button_letter_spacing=&#8221;0px&#8221; border_radii=&#8221;on|5px|5px|5px|5px&#8221; border_width_all_fields_focus=&#8221;1px&#8221; border_color_all_fields_focus=&#8221;#FFCE02&#8243; box_shadow_style=&#8221;preset1&#8243; global_colors_info=&#8221;{}&#8221; button_bg_color__hover_enabled=&#8221;on|hover&#8221; button_bg_color__hover=&#8221;#FFCE02&#8243; button_bg_enable_color__hover=&#8221;on&#8221;][\/et_pb_signup][\/et_pb_column][\/et_pb_row][\/et_pb_section]\n","protected":false},"excerpt":{"rendered":"<p>BESPLATNI RESURSI \u2014NewsletterKroz sadr\u017eaj ovog newslettera \u017eelimo vam ponuditi smjernice, osobna iskustva i znanja koja \u0107e podr\u017eati va\u0161 profesionalni rast i razvoj kao psihoterapeuta u bilo kojem podru\u010dju, s naglaskom na primjenu relacijskog pristupa u psihoterapiji.<\/p>\n","protected":false},"author":3,"featured_media":2671,"parent":0,"menu_order":0,"comment_status":"closed","ping_status":"closed","template":"","meta":{"_et_pb_use_builder":"on","_et_pb_old_content":"","_et_gb_content_width":"","footnotes":""},"class_list":["post-3068","page","type-page","status-publish","has-post-thumbnail","hentry"],"_links":{"self":[{"href":"https:\/\/adtraininginstitute.com\/hr\/wp-json\/wp\/v2\/pages\/3068","targetHints":{"allow":["GET"]}}],"collection":[{"href":"https:\/\/adtraininginstitute.com\/hr\/wp-json\/wp\/v2\/pages"}],"about":[{"href":"https:\/\/adtraininginstitute.com\/hr\/wp-json\/wp\/v2\/types\/page"}],"author":[{"embeddable":true,"href":"https:\/\/adtraininginstitute.com\/hr\/wp-json\/wp\/v2\/users\/3"}],"replies":[{"embeddable":true,"href":"https:\/\/adtraininginstitute.com\/hr\/wp-json\/wp\/v2\/comments?post=3068"}],"version-history":[{"count":3,"href":"https:\/\/adtraininginstitute.com\/hr\/wp-json\/wp\/v2\/pages\/3068\/revisions"}],"predecessor-version":[{"id":3247,"href":"https:\/\/adtraininginstitute.com\/hr\/wp-json\/wp\/v2\/pages\/3068\/revisions\/3247"}],"wp:featuredmedia":[{"embeddable":true,"href":"https:\/\/adtraininginstitute.com\/hr\/wp-json\/wp\/v2\/media\/2671"}],"wp:attachment":[{"href":"https:\/\/adtraininginstitute.com\/hr\/wp-json\/wp\/v2\/media?parent=3068"}],"curies":[{"name":"wp","href":"https:\/\/api.w.org\/{rel}","templated":true}]}}