{"id":3105,"date":"2023-11-13T14:45:46","date_gmt":"2023-11-13T13:45:46","guid":{"rendered":"https:\/\/adtraininginstitute.com\/webinari\/"},"modified":"2026-02-22T11:13:17","modified_gmt":"2026-02-22T10:13:17","slug":"webinari","status":"publish","type":"page","link":"https:\/\/adtraininginstitute.com\/hr\/webinari\/","title":{"rendered":"Webinari"},"content":{"rendered":"<p>[et_pb_section fb_built=&#8221;1&#8243; _builder_version=&#8221;4.22.1&#8243; _module_preset=&#8221;629c98b4-ea43-40c3-b023-41e57fd133cc&#8221; box_shadow_style=&#8221;none&#8221; global_colors_info=&#8221;{}&#8221;][et_pb_row column_structure=&#8221;3_4,1_4&#8243; make_equal=&#8221;on&#8221; _builder_version=&#8221;4.22.1&#8243; _module_preset=&#8221;default&#8221; custom_css_main_element=&#8221;align-items: center;&#8221; global_colors_info=&#8221;{}&#8221;][et_pb_column type=&#8221;3_4&#8243; _builder_version=&#8221;4.22.1&#8243; _module_preset=&#8221;default&#8221; global_colors_info=&#8221;{}&#8221;][et_pb_text _builder_version=&#8221;4.22.2&#8243; _module_preset=&#8221;534cc526-6274-4e31-9e1a-7f18a5947bf1&#8243; header_4_font=&#8221;|600||on|||||&#8221; header_4_text_align=&#8221;left&#8221; header_4_text_color=&#8221;#FFCE02&#8243; header_4_font_size=&#8221;14px&#8221; header_4_letter_spacing=&#8221;2px&#8221; header_4_line_height=&#8221;1.5em&#8221; custom_margin=&#8221;||0px||false|false&#8221; header_4_font_size_tablet=&#8221;14px&#8221; header_4_font_size_phone=&#8221;&#8221; header_4_font_size_last_edited=&#8221;on|tablet&#8221; locked=&#8221;off&#8221; global_colors_info=&#8221;{}&#8221;]<\/p>\n<h4>BESPLATNI RESURSI \u2014<\/h4>\n<p>[\/et_pb_text][et_pb_text _builder_version=&#8221;4.27.5&#8243; _module_preset=&#8221;954ad5f8-b22a-45d8-9a52-f362639192fb&#8221; header_2_text_color=&#8221;#343A40&#8243; custom_margin=&#8221;||10px||false|false&#8221; hover_enabled=&#8221;0&#8243; header_2_font_size_tablet=&#8221;&#8221; header_2_font_size_phone=&#8221;30px&#8221; header_2_font_size_last_edited=&#8221;on|tablet&#8221; global_colors_info=&#8221;{}&#8221; sticky_enabled=&#8221;0&#8243;]<\/p>\n<h2>Besplatni webinari za psihoterapeute<\/h2>\n<p>[\/et_pb_text][et_pb_text _builder_version=&#8221;4.22.2&#8243; _module_preset=&#8221;5016e920-317b-4735-9c41-1f9c36333cf5&#8243; text_font=&#8221;Lora||||||||&#8221; text_text_color=&#8221;#343A40&#8243; header_text_color=&#8221;#000000&#8243; locked=&#8221;off&#8221; global_colors_info=&#8221;{}&#8221;]<\/p>\n<p>Webinari u trajanju od 75 minuta pokrivaju razli\u010dite teme vezane uz rad s djecom, mladima i odraslima, kombiniraju\u0107i teorijska izlaganja i primjere iz prakse.<\/p>\n<p>[\/et_pb_text][\/et_pb_column][et_pb_column type=&#8221;1_4&#8243; _builder_version=&#8221;4.22.1&#8243; _module_preset=&#8221;default&#8221; global_colors_info=&#8221;{}&#8221;][et_pb_image src=&#8221;https:\/\/adtraininginstitute.com\/wp-content\/uploads\/2023\/11\/Master_color-32.png&#8221; title_text=&#8221;Glavna_boja-32&#8243; _builder_version=&#8221;4.22.2&#8243; _module_preset=&#8221;default&#8221; animation_style=&#8221;roll&#8221; locked=&#8221;off&#8221; global_colors_info=&#8221;{}&#8221;][\/et_pb_image][\/et_pb_column][\/et_pb_row][\/et_pb_section][et_pb_section fb_built=&#8221;1&#8243; _builder_version=&#8221;4.22.1&#8243; _module_preset=&#8221;default&#8221; custom_padding=&#8221;100px||100px||true|false&#8221; top_divider_style=&#8221;wave2&#8243; top_divider_color=&#8221;#FDFAF4&#8243; top_divider_height=&#8221;50px&#8221; locked=&#8221;off&#8221; global_colors_info=&#8221;{}&#8221;][et_pb_row column_structure=&#8221;2_3,1_3&#8243; make_equal=&#8221;on&#8221; _builder_version=&#8221;4.22.2&#8243; _module_preset=&#8221;default&#8221; custom_margin=&#8221;0px||0px||true|false&#8221; custom_padding=&#8221;0px||0px||true|false&#8221; locked=&#8221;off&#8221; global_colors_info=&#8221;{}&#8221;][et_pb_column type=&#8221;2_3&#8243; _builder_version=&#8221;4.22.0&#8243; _module_preset=&#8221;default&#8221; global_colors_info=&#8221;{}&#8221;][et_pb_text _builder_version=&#8221;4.22.2&#8243; _module_preset=&#8221;954ad5f8-b22a-45d8-9a52-f362639192fb&#8221; header_text_color=&#8221;#343A40&#8243; header_2_text_color=&#8221;#067BBF&#8221; custom_margin=&#8221;||10px||false|false&#8221; animation_style=&#8221;slide&#8221; animation_direction=&#8221;left&#8221; locked=&#8221;off&#8221; global_colors_info=&#8221;{}&#8221;]<\/p>\n<h1>Nadolaze\u0107i webinari:<\/h1>\n<p>[\/et_pb_text][\/et_pb_column][et_pb_column type=&#8221;1_3&#8243; _builder_version=&#8221;4.22.0&#8243; _module_preset=&#8221;default&#8221; global_colors_info=&#8221;{}&#8221;][\/et_pb_column][\/et_pb_row][et_pb_row _builder_version=&#8221;4.22.1&#8243; _module_preset=&#8221;default&#8221; locked=&#8221;off&#8221; global_colors_info=&#8221;{}&#8221;][et_pb_column type=&#8221;4_4&#8243; _builder_version=&#8221;4.22.1&#8243; _module_preset=&#8221;default&#8221; global_colors_info=&#8221;{}&#8221;][mecdivi_MECShortcodes shortcode_id=&#8221;1673&#8243; _builder_version=&#8221;4.22.2&#8243; _module_preset=&#8221;default&#8221; module_font=&#8221;||||||||&#8221; custom_padding=&#8221;|5px||5px|false|true&#8221; locked=&#8221;off&#8221; global_colors_info=&#8221;{}&#8221;][\/mecdivi_MECShortcodes][\/et_pb_column][\/et_pb_row][et_pb_row column_structure=&#8221;1_2,1_2&#8243; make_equal=&#8221;on&#8221; _builder_version=&#8221;4.22.2&#8243; _module_preset=&#8221;default&#8221; custom_margin=&#8221;0px||0px||true|false&#8221; custom_padding=&#8221;0px||0px||true|false&#8221; custom_css_main_element=&#8221;align-items: center;&#8221; locked=&#8221;off&#8221; global_colors_info=&#8221;{}&#8221;][et_pb_column type=&#8221;1_2&#8243; _builder_version=&#8221;4.22.0&#8243; _module_preset=&#8221;default&#8221; global_colors_info=&#8221;{}&#8221;][et_pb_text _builder_version=&#8221;4.22.2&#8243; _module_preset=&#8221;954ad5f8-b22a-45d8-9a52-f362639192fb&#8221; header_text_color=&#8221;#343A40&#8243; header_2_text_color=&#8221;#067BBF&#8221; custom_margin=&#8221;||10px||false|false&#8221; animation_style=&#8221;slide&#8221; animation_direction=&#8221;left&#8221; locked=&#8221;off&#8221; global_colors_info=&#8221;{}&#8221;]<\/p>\n<h1>Odr\u017eani webinari:<\/h1>\n<p>[\/et_pb_text][et_pb_text _builder_version=&#8221;4.22.2&#8243; _module_preset=&#8221;5016e920-317b-4735-9c41-1f9c36333cf5&#8243; text_font=&#8221;||||||||&#8221; text_text_color=&#8221;#343A40&#8243; global_colors_info=&#8221;{}&#8221;]<\/p>\n<ul>\n<li>28\/3\/2024; <span>&#8220;<a href=\"https:\/\/youtu.be\/Fcl9lFBHyIE?si=a7doR8Zy3cvmXdl_\" target=\"_blank\" rel=\"noopener\">Odnos psihoterapije i farmakoterapije u radu sa svim dobnim skupinama (djeca, adolescenti, odrasli)&#8221; sa Jovanom Maslak, dr.med., spec.dje\u010dje i adolescentne psihijatrije, PhD studentica <\/a><\/span> <span style=\"font-size: 16px;\"><\/span><\/li>\n<li><span style=\"font-size: 16px;\">22\/2\/2024; <\/span><a href=\"https:\/\/youtu.be\/ZSJw7_0Tnb8?si=ZE0uwXvezCgaMsHy\" target=\"_blank\" rel=\"noopener\"><span style=\"font-size: 16px;\">Kori\u0161tenje pje\u0161\u010dane kutije u radu s djecom i roditeljima s dr. sc. Ashley Garrett, LPCS, RPT-S, ACS, NC<\/span><\/a><span><\/span><\/li>\n<li>9\/2\/2024; <a href=\"https:\/\/youtu.be\/oBTplASkgp8?si=o6uCnurlSiIIjKtO\" target=\"_blank\" rel=\"noopener\"><span>Kako mi rad s djecom poma\u017ee u radu s odraslima s Tatjanom Gjurkovi\u0107, mag.psih., TSTA-P<\/span><\/a><span style=\"font-size: 16px;\"><\/span><\/li>\n<li><span>14\/12\/2023; <a href=\"https:\/\/youtu.be\/UJ-VUt3-JM8?si=7js6kxtXB7W5HaJG\" target=\"_blank\" rel=\"noopener\">Rad s adolescentskim svijetom s Fabiola Santicchio, mag.psih., PTSTA-P<\/a><\/span><\/li>\n<li>16\/11\/2023; <a href=\"https:\/\/youtu.be\/uV0I2hf5mkc?si=ERHA0sFupiXrOJt1\" target=\"_blank\" rel=\"noopener\">Rad sa anksioznim klijentom koriste\u0107i tijelo i tehniku Doodling sa Tatjanom Gjurkovi\u0107, mag.psych., TSTA-P<\/a><\/li>\n<li>05\/10\/2023; <a href=\"https:\/\/youtu.be\/7V4ahm8BwZE?si=iTNhryK_lt8RIOq-\" target=\"_blank\" rel=\"noopener\">Kako raditi sa roditeljskim uvjerenjima na benefit psihoterapijskog cilja dogovorenog za dijete s Tatjanom Gjurkovi\u0107, mag.psych., TSTA-P<\/a><\/li>\n<li>07\/09\/2023; <a href=\"https:\/\/youtu.be\/FNrsaPOammY?si=ioWgFc2RZqH3Y6V4\" target=\"_blank\" rel=\"noopener\">Postavljanje ciljeva i planiranje intervencija u psihoterapijskom radu s djecom i adolescentima s Tatjanom Gjurkovi\u0107, mag.psych., TSTA-P<\/a><\/li>\n<li><a href=\"https:\/\/youtu.be\/sqO5MhAmUR4?si=RjmFZWHFN77K7OLd\" target=\"_blank\" rel=\"noopener\">Integrativni model terapije igrom prezentiran studentima U\u010diteljskog fakulteta s Tatjanom Gjurkovi\u0107, mag.psych., TSTA-P<\/a><\/li>\n<\/ul>\n<p>[\/et_pb_text][\/et_pb_column][et_pb_column type=&#8221;1_2&#8243; _builder_version=&#8221;4.22.0&#8243; _module_preset=&#8221;default&#8221; global_colors_info=&#8221;{}&#8221;][et_pb_image src=&#8221;https:\/\/adtraininginstitute.com\/wp-content\/uploads\/2024\/02\/ad_Institute1.png&#8221; title_text=&#8221;ad_Institute1&#8243; url=&#8221;https:\/\/www.youtube.com\/playlist?list=PLK54gqrZdut0n-yNt2nhFVZTpW3CJF5kM&#8221; url_new_window=&#8221;on&#8221; use_overlay=&#8221;on&#8221; overlay_icon_color=&#8221;#FFCE02&#8243; hover_overlay_color=&#8221;rgba(52,58,64,0.56)&#8221; hover_icon=&#8221;&#x49;||divi||400&#8243; _builder_version=&#8221;4.23.1&#8243; _module_preset=&#8221;default&#8221; border_radii=&#8221;on|10px|10px|10px|10px&#8221; box_shadow_style=&#8221;preset1&#8243; locked=&#8221;off&#8221; global_colors_info=&#8221;{}&#8221;][\/et_pb_image][\/et_pb_column][\/et_pb_row][\/et_pb_section]<\/p>\n","protected":false},"excerpt":{"rendered":"<p>BESPLATNI RESURSI \u2014Besplatni webinari za psihoterapeuteWebinari u trajanju od 75 minuta pokrivaju razli\u010dite teme vezane uz rad s djecom, mladima i odraslima, kombiniraju\u0107i teorijska izlaganja i primjere iz prakse.Nadolaze\u0107i webinari:<div class=\"et_pb_module mecdivi_MECShortcodes mecdivi_MECShortcodes_0\">\n\t\t\t\t\n\t\t\t\t\n\t\t\t\t\n\t\t\t\t\n\t\t\t\t\n\t\t\t\t\n\t\t\t\t<div class=\"et_pb_module_inner\">\n\t\t\t\t\t<div class=\"mec-wrap mec-skin-masonry-container  colorskin-custom  \" id=\"mec_skin_1673\" data-filterby=\"\" data-sortascending=\"1\">\r\n    \r\n        <div class=\"mec-skin-masonry-events-container\" id=\"mec_skin_events_1673\">\r\n        Nema prona\u0111enih doga\u0111aja!    <\/div>\r\n    \r\n    <\/div>\r\n\n\t\t\t\t<\/div>\n\t\t\t<\/div>Odr\u017eani webinari: 28\/3\/2024; &#8220;Odnos psihoterapije i farmakoterapije u radu sa svim dobnim skupinama (djeca, adolescenti, odrasli)&#8221; sa Jovanom Maslak, [&hellip;]<\/p>\n","protected":false},"author":3,"featured_media":2671,"parent":0,"menu_order":0,"comment_status":"closed","ping_status":"closed","template":"","meta":{"_et_pb_use_builder":"on","_et_pb_old_content":"","_et_gb_content_width":"","footnotes":""},"class_list":["post-3105","page","type-page","status-publish","has-post-thumbnail","hentry"],"_links":{"self":[{"href":"https:\/\/adtraininginstitute.com\/hr\/wp-json\/wp\/v2\/pages\/3105","targetHints":{"allow":["GET"]}}],"collection":[{"href":"https:\/\/adtraininginstitute.com\/hr\/wp-json\/wp\/v2\/pages"}],"about":[{"href":"https:\/\/adtraininginstitute.com\/hr\/wp-json\/wp\/v2\/types\/page"}],"author":[{"embeddable":true,"href":"https:\/\/adtraininginstitute.com\/hr\/wp-json\/wp\/v2\/users\/3"}],"replies":[{"embeddable":true,"href":"https:\/\/adtraininginstitute.com\/hr\/wp-json\/wp\/v2\/comments?post=3105"}],"version-history":[{"count":7,"href":"https:\/\/adtraininginstitute.com\/hr\/wp-json\/wp\/v2\/pages\/3105\/revisions"}],"predecessor-version":[{"id":3759,"href":"https:\/\/adtraininginstitute.com\/hr\/wp-json\/wp\/v2\/pages\/3105\/revisions\/3759"}],"wp:featuredmedia":[{"embeddable":true,"href":"https:\/\/adtraininginstitute.com\/hr\/wp-json\/wp\/v2\/media\/2671"}],"wp:attachment":[{"href":"https:\/\/adtraininginstitute.com\/hr\/wp-json\/wp\/v2\/media?parent=3105"}],"curies":[{"name":"wp","href":"https:\/\/api.w.org\/{rel}","templated":true}]}}