{"id":3388,"date":"2025-08-31T00:39:35","date_gmt":"2025-08-30T22:39:35","guid":{"rendered":"https:\/\/adtraininginstitute.com\/eticki-kodeks\/"},"modified":"2025-09-01T09:01:08","modified_gmt":"2025-09-01T07:01:08","slug":"eticki-kodeks","status":"publish","type":"page","link":"https:\/\/adtraininginstitute.com\/hr\/eticki-kodeks\/","title":{"rendered":"Eti\u010dki kodeks"},"content":{"rendered":"<p>[et_pb_section fb_built=&#8221;1&#8243; admin_label=&#8221;section&#8221; _builder_version=&#8221;4.22.1&#8243; custom_padding=&#8221;8vw||||false|false&#8221; global_colors_info=&#8221;{}&#8221; theme_builder_area=&#8221;post_content&#8221;][et_pb_row admin_label=&#8221;red&#8221; _builder_version=&#8221;4.16&#8243; background_size=&#8221;initial&#8221; background_position=&#8221;top_left&#8221; background_repeat=&#8221;repeat&#8221; global_colors_info=&#8221;{}&#8221; theme_builder_area=&#8221;post_content&#8221;][et_pb_column type=&#8221;4_4&#8243; _builder_version=&#8221;4.16&#8243; custom_padding=&#8221;|||&#8221; global_colors_info=&#8221;{}&#8221; custom_padding__hover=&#8221;|||&#8221; theme_builder_area=&#8221;post_content&#8221;][et_pb_text _builder_version=&#8221;4.27.4&#8243; _module_preset=&#8221;954ad5f8-b22a-45d8-9a52-f362639192fb&#8221; header_2_text_color=&#8221;#343A40&#8243; custom_margin=&#8221;||10px||false|false&#8221; hover_enabled=&#8221;0&#8243; global_colors_info=&#8221;{}&#8221; theme_builder_area=&#8221;post_content&#8221; sticky_enabled=&#8221;0&#8243;]<\/p>\n<h2>Eti\u010dki kodeks Ama Dablam Instituta<\/h2>\n<p>[\/et_pb_text][et_pb_text admin_label=&#8221;Text&#8221; _builder_version=&#8221;4.27.4&#8243; background_size=&#8221;initial&#8221; background_position=&#8221;top_left&#8221; background_repeat=&#8221;repeat&#8221; hover_enabled=&#8221;0&#8243; global_colors_info=&#8221;{}&#8221; theme_builder_area=&#8221;post_content&#8221; sticky_enabled=&#8221;0&#8243;]<\/p>\n<p><strong>1. UVODNE ODREDBE<\/strong><\/p>\n<p>\u010clanak 1. <br \/>Ovaj Eti\u010dki kodeks temelji se na na\u010delima Eti\u010dkog kodeksa Hrvatske komore psihoterapeuta te ga dopunjuje specifi\u010dnostima organizacije i izabranog psihoterapijskog pravca.<\/p>\n<p>\u010clanak 2. <br \/>Svrha Kodeksa je osigurati profesionalno, odgovorno i eti\u010dno pona\u0161anje svih sudionika edukacije \u2013 edukatora, supervizora, polaznika i ostalog osoblja.<\/p>\n<p>\u010clanak 3. <br \/>Kodeks se odnosi na sve oblike edukacijskog rada: teorijsku nastavu, iskustvene radionice, superviziju, praksu, kao i me\u0111uljudske odnose unutar edukacijskog procesa.<\/p>\n<p><strong>2. TEMELJNA ETI\u010cKA NA\u010cELA<\/strong><\/p>\n<p>\u010clanak 4. <br \/>Svi \u010dlanovi organizacije du\u017eni su se pridr\u017eavati sljede\u0107ih eti\u010dkih na\u010dela:<\/p>\n<p>&#8211; Po\u0161tivanje dostojanstva svake osobe, bez obzira na dob, spol, spolnu orijentaciju, identitet, rasu, etnicitet, vjeru ili svjetonazor.<\/p>\n<p>&#8211; Povjerljivost svih osobnih i profesionalnih informacija dijeljenih u edukacijskom kontekstu.<\/p>\n<p>&#8211; Profesionalna odgovornost u odnosu na klijente, kolege i institucije.<\/p>\n<p>&#8211; Za\u0161tita najboljeg interesa djece i mladih u svim oblicima terapijskog, supervizijskog i edukacijskog rada.<\/p>\n<p>&#8211; Ne\u0161kodljivost (non-maleficence) \u2013 obveza da se ne nanosi \u0161teta drugima.<\/p>\n<p>&#8211; Autonomija i informirani pristanak u radu s klijentima i tijekom edukacije.<\/p>\n<p><strong>3. ETIKA EDUKACIJSKOG PROCESA <\/strong><\/p>\n<p>\u010clanak 5. <br \/>Edukatori i supervizori:<br \/>&#8211; Osiguravaju sigurno, podr\u017eavaju\u0107e i profesionalno okru\u017eenje za sve polaznike.<\/p>\n<p>&#8211; Postavljaju jasne granice u odnosima s polaznicima (nema emocionalnih, seksualnih ni financijskih iskori\u0161tavanja).<\/p>\n<p>&#8211; Otvoreno rje\u0161avaju sukobe interesa i prijavljuju mogu\u0107e eti\u010dke dileme.<\/p>\n<p>\u010clanak 6.<br \/>Polaznici:<\/p>\n<p>&#8211; Po\u0161tuju povjerljivost i osobni prostor drugih polaznika, edukatora i klijenata.<\/p>\n<p>&#8211; Ne koriste edukacijski odnos za osobnu dobit ili manipulaciju.<\/p>\n<p>&#8211; Obvezni su prijaviti neeti\u010dko pona\u0161anje, zadr\u017eavaju\u0107i dostojanstvo i integritet svih uklju\u010denih.<\/p>\n<p><strong>4. RAD S DJECOM I MLADIMA<\/strong><\/p>\n<p>\u010clanak 7. <br \/>U radu s djecom i mladima, primjenjuju se dodatni eti\u010dki standardi:<\/p>\n<p>&#8211; Rad s maloljetnim osobama mogu\u0107 je samo uz informirani pristanak roditelja\/skrbnika i u skladu s va\u017ee\u0107im zakonima.<\/p>\n<p>&#8211; Psihoterapija se provodi u najboljem interesu djeteta, uz po\u0161tovanje njegovih razvojnih potreba i prava.<\/p>\n<p>&#8211; Informacije o djeci se dijele samo uz opravdanu potrebu i uz za\u0161titu njihove privatnosti.<\/p>\n<p>&#8211; Edukanti psihoterapije su obvezni reagirati u slu\u010daju sumnje na zanemarivanje, zlostavljanje ili druge oblike ugroze djeteta, u skladu s va\u017ee\u0107im zakonodavstvom.<\/p>\n<p><strong>5. ODGOVORNOST, NADZOR I POSTUPANJE U SLU\u010cAJU POVREDE ETIKE<\/strong><\/p>\n<p>\u010clanak 8. <br \/>Kada se pojavi povreda etike, organizacija osniva Eti\u010dko povjerenstvo koje nadzire provo\u0111enje Kodeksa, pru\u017ea savjete u eti\u010dkim dilemama i odlu\u010duje o prijavama eti\u010dkih povreda.<\/p>\n<p>\u010clanak 9. <br \/>Svaki \u010dlan organizacije ima pravo prijaviti neeti\u010dno pona\u0161anje, anonimno ili otvoreno, bez straha od posljedica.<\/p>\n<p>\u010clanak 10. <br \/> U slu\u010daju potvr\u0111ene povrede eti\u010dkog kodeksa, mogu se izre\u0107i sljede\u0107e mjere:<\/p>\n<p>&#8211; Usmeno ili pisano upozorenje<\/p>\n<p>&#8211; Dodatna edukacija i\/ili supervizija<\/p>\n<p>&#8211; Privremena ili trajna obustava sudjelovanja u edukaciji<\/p>\n<p>&#8211; Obavje\u0161tavanje nadle\u017enih tijela poput stru\u010dnih Komora<\/p>\n<p><strong>6. ZAVR\u0160NE ODREDBE<\/strong><\/p>\n<p>\u010clanak 11. <br \/>Ovaj Eti\u010dki kodeks javno je dostupan svim \u010dlanovima organizacije, a njegovo prihva\u0107anje uvjet je za sudjelovanje u edukaciji.<\/p>\n<p>\u010clanak 12. <br \/>Kodeks se redovito preispituje i po potrebi dopunjuje, u skladu s promjenama u zakonodavstvu, eti\u010dkim standardima i razvojem psihoterapijske prakse.<\/p>\n<p><strong>Postupak savjetovanja u psihoterapijskoj edukaciji<\/strong><\/p>\n<p><em>Uvodno informiranje<\/em><br \/>Na po\u010detku edukacije svi edukanti psihoterapije dobit \u0107e jasne informacije o eti\u010dkim na\u010delima, pravima studenta, mehanizmima podr\u0161ke i procedurama za rje\u0161avanje pote\u0161ko\u0107a. <\/p>\n<p>Ti \u0107e podaci biti dostupni u pisanoj formi (priru\u010dnik o edukaciji, ugovor o edukaciji I eti\u010dki kodeks organizacije).<\/p>\n<p><em>Povjerljivo savjetovanje <\/em><br \/>Ako edukanti psihoterapije do\u017eivi nelagodu, nejasno\u0107e, konflikte ili osobne izazove vezane uz edukaciju, mo\u017ee zatra\u017eiti individualno savjetovanje s edukatorom, supervizorom ili drugom za to odre\u0111enom osobom.<\/p>\n<p>Savjetovanje je povjerljivo i fokusirano na dobrobit edukanta psihoterapije, uz po\u0161tovanje profesionalnih granica i sigurnosti.<\/p>\n<p><em>Mentorska podr\u0161ka <\/em><br \/>Edukantu psihoterapije se mo\u017ee dodijeliti mentor (ili kontakt osoba) kojem se mogu obratiti za vo\u0111enje kroz proces edukacije i osobni razvoj unutar okvira edukacije.<\/p>\n<p><em>Zapis i pra\u0107enje <\/em><br \/>Ako je potrebno, mo\u017ee se izraditi zapisnik savjetovanja koji slu\u017ei za pra\u0107enje dogovorenih koraka (uz informirani pristanak polaznika).<\/p>\n<p>Cilj je pravovremeno prepoznavanje i sprje\u010davanje ve\u0107ih te\u0161ko\u0107a.<\/p>\n<p><strong>Postupak podno\u0161enja pritu\u017ebe u psihoterapijskoj edukaciji<\/strong><\/p>\n<p><em>Neformalno rje\u0161avanje<\/em><br \/>Ako polaznik ima pritu\u017ebu (npr. na edukatora, kolegu, superviziju ili organizaciju rada), preporu\u010duje se najprije poku\u0161ati rije\u0161iti situaciju kroz izravan, nenasilan i asertivan razgovor \u2013 ako je to emocionalno i profesionalno sigurno.<\/p>\n<p><em>Formalna pritu\u017eba<\/em> <br \/>Ako neformalni pristup nije mogu\u0107 ili nije urodio plodom, edukant psihoterapije mo\u017ee podnijeti pisanu pritu\u017ebu eti\u010dkom povjerenstvu organizacije ili odgovornoj osobi.<\/p>\n<p>Pritu\u017eba treba sadr\u017eavati: opis situacije, vrijeme i okolnosti, uklju\u010dene osobe i o\u010dekivani ishod. Pritu\u017eba se \u0161alje na slu\u017ebeni mail organizacije: <em>info@adtraininginstitute.com<\/em>. <\/p>\n<p><em>Potvrda i za\u0161tita <\/em><br \/>Edukant psihoterapije unutar 5 radnih dana dobiva informaciju o primitku pritu\u017ebe. Tijekom postupka osigurava se neutralna i podr\u017eavaju\u0107a atmosfera, bez posljedica po edukanta psihoterapije (npr. osvete, stigmatizacije ili diskriminacije). <\/p>\n<p><em>Istra\u017eivanje i obrada <\/em><br \/>Povjerenstvo ili nadle\u017ena osoba provodi objektivnu obradu pritu\u017ebe (uklju\u010duje razgovore s uklju\u010denima, provjeru dokaza i eti\u010dkih na\u010dela).<\/p>\n<p>Proces se nastoji zaklju\u010diti u roku od 15 do 30 radnih dana.<\/p>\n<p><em>Odluka i mjere <\/em><br \/>Edukant psihoterapije prima pisanu odluku i eventualne preporuke, mjere za\u0161tite ili promjene u organizaciji rada (npr. promjena supervizora, dodatna podr\u0161ka, edukativna intervencija za edukatora).<\/p>\n<p><em>Pravo na \u017ealbu <\/em><br \/>Ako polaznik smatra da pritu\u017eba nije adekvatno rije\u0161ena, mo\u017ee ulo\u017eiti \u017ealbu unutar 7 radnih dana.<\/p>\n<p><strong>Disciplinska odgovornost za povrede Eti\u010dkog kodeksa<\/strong><\/p>\n<p>1. Laka povreda Eti\u010dkog kodeksa <br \/>Laka povreda predstavlja pona\u0161anje koje ne dovodi do ozbiljne \u0161tete klijentu, kolegama ili organizaciji, ali odstupa od profesionalnih standarda i zahtijeva korektivno djelovanje.<\/p>\n<p>Primjeri lak\u0161ih povreda:<\/p>\n<p>&#8211; Ka\u0161njenje na edukacijske aktivnosti ili obveze bez opravdanja<\/p>\n<p>&#8211; Povremeno kr\u0161enje dogovorenih pravila rada u edukacijskoj grupi<\/p>\n<p>&#8211; Neprimjereni komentari ili ton u komunikaciji s kolegama ili edukatorima<\/p>\n<p>&#8211; Povremeno nepo\u0161tivanje procedura prijave supervizije, prakse i dokumentacije<\/p>\n<p>&#8211; Povreda povjerljivosti u edukacijskoj grupi bez \u0161tetne posljedice<\/p>\n<p>Mogu\u0107e mjere za lak\u0161e povrede:<\/p>\n<p>&#8211; Usmeno upozorenje od strane edukatora ili voditelja edukacije<\/p>\n<p>&#8211; Pismeno upozorenje uz obrazlo\u017eenje neprihvatljivog pona\u0161anja<\/p>\n<p>&#8211; Obveza pismenog osvrta i\/ili dodatnog edukativnog zadatka<\/p>\n<p>2. Te\u0161ka povreda Eti\u010dkog kodeksa <br \/>Te\u0161ka povreda predstavlja ozbiljno i\/ili ponavljano kr\u0161enje eti\u010dkih normi koje ugro\u017eava psiholo\u0161ku, emocionalnu, fizi\u010dku ili profesionalnu sigurnost klijenata, kolega ili same institucije.<\/p>\n<p>Primjeri te\u017eih povreda:<\/p>\n<p>&#8211; Povreda povjerljivosti klijenata ili kolega s ozbiljnim posljedicama<\/p>\n<p>&#8211; Seksualno, emocionalno ili fizi\u010dko zlostavljanje u kontekstu edukacije, prakse ili supervizije<\/p>\n<p>&#8211; La\u017eno prikazivanje edukacijskog statusa ili kvalifikacija<\/p>\n<p>&#8211; Etiketsko, poni\u017eavaju\u0107e ili diskriminatorno pona\u0161anje prema klijentima, kolegama ili edukatorima<\/p>\n<p>&#8211; Ometanje procesa edukacije drugih polaznika na kontinuiranoj razini<\/p>\n<p>&#8211; Ponavljane lak\u0161e povrede bez promjene pona\u0161anja<\/p>\n<p>&#8211; Odbijanje suradnje u postupku eti\u010dkog nadzora<\/p>\n<p>Mogu\u0107e mjere za te\u0161ke povrede:<\/p>\n<p>&#8211; Pismeno upozorenje s rokom za promjenu pona\u0161anja<\/p>\n<p>&#8211; Privremena obustava sudjelovanja u edukaciji uz uvjet ponovne evaluacije<\/p>\n<p>&#8211; Obavezna psihoterapija ili supervizija (ako je indicirano)<\/p>\n<p>&#8211; Isklju\u010denje iz edukacijskog programa bez prava na povrat upla\u0107enih sredstava<\/p>\n<p>&#8211; Prijava nadle\u017enoj profesionalnoj komori ili instituciji ako je prekr\u0161aj zakonske prirode<\/p>\n<p>3. Postupak utvr\u0111ivanja povrede <br \/>Prijavu mo\u017ee podnijeti bilo koji student, edukator, supervizor ili klijent uklju\u010den u praksu. <br \/>O povredi odlu\u010duje Eti\u010dko povjerenstvo organizacije u roku od 30 radnih dana. <br \/>Osobi protiv koje je pokrenut postupak omogu\u0107uje se izja\u0161njavanje i pravo na odgovor. <br \/>Odluka se donosi ve\u0107inom glasova i dostavlja u pisanom obliku.<\/p>\n<p>Posljednja promjena: 30. kolovoz, 2025.<\/p>\n<p>[\/et_pb_text][\/et_pb_column][\/et_pb_row][\/et_pb_section]<\/p>\n","protected":false},"excerpt":{"rendered":"<p>Eti\u010dki kodeks Ama Dablam Instituta1. UVODNE ODREDBE \u010clanak 1. Ovaj Eti\u010dki kodeks temelji se na na\u010delima Eti\u010dkog kodeksa Hrvatske komore psihoterapeuta te ga dopunjuje specifi\u010dnostima organizacije i izabranog psihoterapijskog pravca. \u010clanak 2. Svrha Kodeksa je osigurati profesionalno, odgovorno i eti\u010dno pona\u0161anje svih sudionika edukacije \u2013 edukatora, supervizora, polaznika i ostalog osoblja. \u010clanak 3. Kodeks se [&hellip;]<\/p>\n","protected":false},"author":3,"featured_media":0,"parent":0,"menu_order":0,"comment_status":"closed","ping_status":"closed","template":"","meta":{"_et_pb_use_builder":"on","_et_pb_old_content":"","_et_gb_content_width":"","footnotes":""},"class_list":["post-3388","page","type-page","status-publish","hentry"],"_links":{"self":[{"href":"https:\/\/adtraininginstitute.com\/hr\/wp-json\/wp\/v2\/pages\/3388","targetHints":{"allow":["GET"]}}],"collection":[{"href":"https:\/\/adtraininginstitute.com\/hr\/wp-json\/wp\/v2\/pages"}],"about":[{"href":"https:\/\/adtraininginstitute.com\/hr\/wp-json\/wp\/v2\/types\/page"}],"author":[{"embeddable":true,"href":"https:\/\/adtraininginstitute.com\/hr\/wp-json\/wp\/v2\/users\/3"}],"replies":[{"embeddable":true,"href":"https:\/\/adtraininginstitute.com\/hr\/wp-json\/wp\/v2\/comments?post=3388"}],"version-history":[{"count":4,"href":"https:\/\/adtraininginstitute.com\/hr\/wp-json\/wp\/v2\/pages\/3388\/revisions"}],"predecessor-version":[{"id":3392,"href":"https:\/\/adtraininginstitute.com\/hr\/wp-json\/wp\/v2\/pages\/3388\/revisions\/3392"}],"wp:attachment":[{"href":"https:\/\/adtraininginstitute.com\/hr\/wp-json\/wp\/v2\/media?parent=3388"}],"curies":[{"name":"wp","href":"https:\/\/api.w.org\/{rel}","templated":true}]}}