{"id":3561,"date":"2025-12-20T19:39:58","date_gmt":"2025-12-20T18:39:58","guid":{"rendered":"https:\/\/adtraininginstitute.com\/ta-after-hello\/"},"modified":"2026-03-26T09:58:43","modified_gmt":"2026-03-26T08:58:43","slug":"ta-after-hello","status":"publish","type":"page","link":"https:\/\/adtraininginstitute.com\/hr\/ta-after-hello\/","title":{"rendered":"TA after hello"},"content":{"rendered":"<p>[et_pb_section fb_built=&#8221;1&#8243; _builder_version=&#8221;4.22.1&#8243; _module_preset=&#8221;629c98b4-ea43-40c3-b023-41e57fd133cc&#8221; box_shadow_style=&#8221;none&#8221; global_colors_info=&#8221;{}&#8221;][et_pb_row column_structure=&#8221;3_4,1_4&#8243; make_equal=&#8221;on&#8221; _builder_version=&#8221;4.22.1&#8243; _module_preset=&#8221;default&#8221; custom_css_main_element=&#8221;align-items: center;&#8221; global_colors_info=&#8221;{}&#8221;][et_pb_column type=&#8221;3_4&#8243; _builder_version=&#8221;4.22.1&#8243; _module_preset=&#8221;default&#8221; global_colors_info=&#8221;{}&#8221;][et_pb_text _builder_version=&#8221;4.22.2&#8243; _module_preset=&#8221;534cc526-6274-4e31-9e1a-7f18a5947bf1&#8243; header_4_font=&#8221;|600||on|||||&#8221; header_4_text_align=&#8221;left&#8221; header_4_text_color=&#8221;#FFCE02&#8243; header_4_font_size=&#8221;14px&#8221; header_4_letter_spacing=&#8221;2px&#8221; header_4_line_height=&#8221;1.5em&#8221; custom_margin=&#8221;||0px||false|false&#8221; header_4_font_size_tablet=&#8221;14px&#8221; header_4_font_size_phone=&#8221;&#8221; header_4_font_size_last_edited=&#8221;on|tablet&#8221; locked=&#8221;off&#8221; global_colors_info=&#8221;{}&#8221;]<\/p>\n<h4>BESPLATNI RESURSI \u2014<\/h4>\n<p>[\/et_pb_text][et_pb_text _builder_version=&#8221;4.27.5&#8243; _module_preset=&#8221;954ad5f8-b22a-45d8-9a52-f362639192fb&#8221; header_2_text_color=&#8221;#343A40&#8243; custom_margin=&#8221;||10px||false|false&#8221; header_2_font_size_tablet=&#8221;&#8221; header_2_font_size_phone=&#8221;30px&#8221; header_2_font_size_last_edited=&#8221;on|tablet&#8221; global_colors_info=&#8221;{}&#8221;]<\/p>\n<h2>TA after hello:<\/h2>\n<h3>razgovori sa TA psihoterapeutima<\/h3>\n<p>[\/et_pb_text][\/et_pb_column][et_pb_column type=&#8221;1_4&#8243; _builder_version=&#8221;4.22.1&#8243; _module_preset=&#8221;default&#8221; global_colors_info=&#8221;{}&#8221;][et_pb_image src=&#8221;https:\/\/adtraininginstitute.com\/wp-content\/uploads\/2023\/09\/AD_institute_logo_color_1.png&#8221; title_text=&#8221;AD_institute_logo_color_1&#8243; _builder_version=&#8221;4.27.5&#8243; _module_preset=&#8221;default&#8221; animation_style=&#8221;roll&#8221; locked=&#8221;off&#8221; global_colors_info=&#8221;{}&#8221;][\/et_pb_image][\/et_pb_column][\/et_pb_row][\/et_pb_section][et_pb_section fb_built=&#8221;1&#8243; _builder_version=&#8221;4.22.1&#8243; _module_preset=&#8221;default&#8221; custom_padding=&#8221;100px||100px||true|false&#8221; top_divider_style=&#8221;wave2&#8243; top_divider_color=&#8221;#FDFAF4&#8243; top_divider_height=&#8221;50px&#8221; locked=&#8221;off&#8221; global_colors_info=&#8221;{}&#8221;][et_pb_row column_structure=&#8221;2_3,1_3&#8243; make_equal=&#8221;on&#8221; _builder_version=&#8221;4.23.1&#8243; _module_preset=&#8221;default&#8221; module_alignment=&#8221;center&#8221; custom_margin=&#8221;0px|auto|0px|13px|true|false&#8221; custom_padding=&#8221;20px||20px||true|false&#8221; global_colors_info=&#8221;{}&#8221;][et_pb_column type=&#8221;2_3&#8243; _builder_version=&#8221;4.23.1&#8243; _module_preset=&#8221;default&#8221; global_colors_info=&#8221;{}&#8221;][et_pb_text _builder_version=&#8221;4.27.5&#8243; _module_preset=&#8221;954ad5f8-b22a-45d8-9a52-f362639192fb&#8221; header_text_color=&#8221;#343A40&#8243; header_2_text_color=&#8221;#067BBF&#8221; custom_margin=&#8221;||10px||false|false&#8221; custom_padding=&#8221;||0px|||&#8221; animation_style=&#8221;slide&#8221; animation_direction=&#8221;left&#8221; locked=&#8221;off&#8221; global_colors_info=&#8221;{}&#8221;]<\/p>\n<h1>Predstavljanje razli\u010ditih TA pravaca, \u0161kola, senzibilnosti<\/h1>\n<p>[\/et_pb_text][et_pb_text _builder_version=&#8221;4.27.6&#8243; _module_preset=&#8221;5016e920-317b-4735-9c41-1f9c36333cf5&#8243; text_font=&#8221;||||||||&#8221; text_text_color=&#8221;#343A40&#8243; hover_enabled=&#8221;0&#8243; global_colors_info=&#8221;{}&#8221; sticky_enabled=&#8221;0&#8243;]<\/p>\n<p data-start=\"1370\" data-end=\"1852\">Transakcijska analiza od samih se po\u010detaka razvija kao otvorena, \u017eiva i dijalo\u0161ka psihoterapijska teorija. Kroz desetlje\u0107a je poticala razli\u010dite autore, prakti\u010dare i edukatore da svojim iskustvom, istra\u017eivanjima i klini\u010dkim radom doprinesu njezinu razvoju. Upravo je ta otvorenost rezultirala nastankom razli\u010ditih pravaca unutar transakcijske analize &#8211; svaki sa svojim filozofskim polazi\u0161tima, teorijskim konceptima i specifi\u010dnom metodologijom rada.  <\/p>\n<p data-start=\"1854\" data-end=\"2215\">U ovoj seriji razgovora <strong>Tatjana Gjurkovi\u0107<\/strong>, CTA-P, TSTA-P, s iskusnim TA psihoterapeutkinjama i edukatoricama istra\u017euje glavne pravce transakcijske analize: njihov povijesni kontekst, temeljne koncepte, filozofiju rada, metodolo\u0161ke specifi\u010dnosti te kriti\u010dke osvrte i suvremene razvojne smjerove. <\/p>\n<p data-start=\"2217\" data-end=\"2470\">Razgovori su namijenjeni studentima psihoterapije, psihoterapeutima i savjetodavnim terapeutima, kao i svima koji \u017eele dublje razumjeti raznolikost, \u0161irinu i bogatstvo transakcijske analize u teoriji i praksi.<\/p>\n<p>[\/et_pb_text][et_pb_text _builder_version=&#8221;4.27.6&#8243; _module_preset=&#8221;5016e920-317b-4735-9c41-1f9c36333cf5&#8243; text_font=&#8221;||||||||&#8221; text_text_color=&#8221;#343A40&#8243; global_colors_info=&#8221;{}&#8221;]<\/p>\n<p><strong>Epizoda 1: <a href=\"https:\/\/www.youtube.com\/watch?v=qwmzaEm9MfY\" target=\"_blank\" rel=\"noopener\">Razgovor s Majom Deliba\u0161i\u0107 o klasi\u010dnoj TA \u0161koli<\/a><\/strong><\/p>\n<p><strong>Epizoda 2: <a href=\"https:\/\/www.youtube.com\/watch?v=SOuY5ugfHic\" target=\"_blank\" rel=\"noopener\">Razgovor s Majom Deliba\u0161i\u0107 o Terapiji novom odlukom (Redecision Therapy)<\/a><\/strong><\/p>\n<p><strong>Epizoda 3: <a href=\"https:\/\/www.youtube.com\/watch?v=hOzWX4pSC2w\" target=\"_blank\" rel=\"noopener\">Razgovor s Danijelom Budi\u0161om Ubovi\u0107 o relacijskoj (psihodinamskoj) TA<\/a><\/strong><\/p>\n<p><strong>Epizoda 4: <a href=\"https:\/\/www.youtube.com\/watch?v=HABPbUgXfcI\" target=\"_blank\" rel=\"noopener\">Razgovor s Majom Sedmak Cvelbar o Integrativnoj TA<\/a><\/strong><\/p>\n<p><strong>Episode 5: <a href=\"https:\/\/youtu.be\/KLxgG7b_iX0\" target=\"_blank\" rel=\"noopener\">Razgovor s Majom Deliba\u0161i\u0107 o Eko-TA<\/a><\/strong><\/p>\n<blockquote><\/blockquote>\n<p>[\/et_pb_text][\/et_pb_column][et_pb_column type=&#8221;1_3&#8243; _builder_version=&#8221;4.22.0&#8243; _module_preset=&#8221;default&#8221; global_colors_info=&#8221;{}&#8221;][et_pb_image src=&#8221;https:\/\/adtraininginstitute.com\/wp-content\/uploads\/2025\/12\/2.png&#8221; title_text=&#8221;2&#8243; url=&#8221;https:\/\/www.youtube.com\/@AD_Psychotherapy_Institute&#8221; url_new_window=&#8221;on&#8221; use_overlay=&#8221;on&#8221; overlay_icon_color=&#8221;#FFCE02&#8243; hover_overlay_color=&#8221;rgba(52,58,64,0.59)&#8221; hover_icon=&#8221;&#x49;||divi||400&#8243; _builder_version=&#8221;4.27.5&#8243; _module_preset=&#8221;default&#8221; border_radii=&#8221;on|10px|10px|10px|10px&#8221; box_shadow_style=&#8221;preset1&#8243; global_colors_info=&#8221;{}&#8221;][\/et_pb_image][\/et_pb_column][\/et_pb_row][et_pb_row _builder_version=&#8221;4.27.6&#8243; _module_preset=&#8221;default&#8221; hover_enabled=&#8221;0&#8243; sticky_enabled=&#8221;0&#8243;][et_pb_column _builder_version=&#8221;4.27.6&#8243; _module_preset=&#8221;default&#8221; type=&#8221;4_4&#8243; hover_enabled=&#8221;0&#8243; sticky_enabled=&#8221;0&#8243;][et_pb_text _builder_version=&#8221;4.27.6&#8243; _module_preset=&#8221;5016e920-317b-4735-9c41-1f9c36333cf5&#8243; text_font=&#8221;||||||||&#8221; text_text_color=&#8221;#343A40&#8243; hover_enabled=&#8221;0&#8243; global_colors_info=&#8221;{}&#8221; sticky_enabled=&#8221;0&#8243;]<\/p>\n<p data-start=\"1370\" data-end=\"1852\">Serijal je dostupan i na <strong><a href=\"https:\/\/open.spotify.com\/show\/0EKHc6tOTob1AxJpbYhBEl?si=RkhBHi6UTJKkUydcVB-NSQ\" target=\"_blank\" rel=\"noopener\">Spotifyju<\/a><\/strong>, pa ga mo\u017eete slu\u0161ati gdje god se nalazili<\/p>\n<p data-start=\"1370\" data-end=\"1852\">[\/et_pb_text][\/et_pb_column][\/et_pb_row][\/et_pb_section]<\/p>\n","protected":false},"excerpt":{"rendered":"<p>BESPLATNI RESURSI \u2014TA after hello: razgovori sa TA psihoterapeutimaPredstavljanje razli\u010ditih TA pravaca, \u0161kola, senzibilnostiTransakcijska analiza od samih se po\u010detaka razvija kao otvorena, \u017eiva i dijalo\u0161ka psihoterapijska teorija. Kroz desetlje\u0107a je poticala razli\u010dite autore, prakti\u010dare i edukatore da svojim iskustvom, istra\u017eivanjima i klini\u010dkim radom doprinesu njezinu razvoju. Upravo je ta otvorenost rezultirala nastankom razli\u010ditih pravaca unutar [&hellip;]<\/p>\n","protected":false},"author":3,"featured_media":0,"parent":0,"menu_order":0,"comment_status":"closed","ping_status":"closed","template":"","meta":{"_et_pb_use_builder":"on","_et_pb_old_content":"","_et_gb_content_width":"","footnotes":""},"class_list":["post-3561","page","type-page","status-publish","hentry"],"_links":{"self":[{"href":"https:\/\/adtraininginstitute.com\/hr\/wp-json\/wp\/v2\/pages\/3561","targetHints":{"allow":["GET"]}}],"collection":[{"href":"https:\/\/adtraininginstitute.com\/hr\/wp-json\/wp\/v2\/pages"}],"about":[{"href":"https:\/\/adtraininginstitute.com\/hr\/wp-json\/wp\/v2\/types\/page"}],"author":[{"embeddable":true,"href":"https:\/\/adtraininginstitute.com\/hr\/wp-json\/wp\/v2\/users\/3"}],"replies":[{"embeddable":true,"href":"https:\/\/adtraininginstitute.com\/hr\/wp-json\/wp\/v2\/comments?post=3561"}],"version-history":[{"count":11,"href":"https:\/\/adtraininginstitute.com\/hr\/wp-json\/wp\/v2\/pages\/3561\/revisions"}],"predecessor-version":[{"id":3807,"href":"https:\/\/adtraininginstitute.com\/hr\/wp-json\/wp\/v2\/pages\/3561\/revisions\/3807"}],"wp:attachment":[{"href":"https:\/\/adtraininginstitute.com\/hr\/wp-json\/wp\/v2\/media?parent=3561"}],"curies":[{"name":"wp","href":"https:\/\/api.w.org\/{rel}","templated":true}]}}